{"id":404,"date":"2018-05-18T09:34:26","date_gmt":"2018-05-18T09:34:26","guid":{"rendered":"https:\/\/speaking-and-leading.org\/?page_id=404"},"modified":"2023-10-27T00:08:46","modified_gmt":"2023-10-27T00:08:46","slug":"impress","status":"publish","type":"page","link":"https:\/\/www.salt-lg.de\/en\/privacy-center\/impress\/","title":{"rendered":"Impress"},"content":{"rendered":"<h5>RESPONSIBLE FOR THE CONTENT (VISDP)<\/h5>\n<p>Ruth Heume<\/p>\n<p>L\u00fcbecker Stra\u00dfe 55<br \/>\n21337 L\u00fcneburg<\/p>\n<p>Email: info@speaking-and-leading.org<\/p>\n<h5>COPYRIGHT-HINWEIS<\/h5>\n<p>Toastmasters International, Toastmasters, and the Toastmasters emblem are registered trademarks in the United States and other countries. They may not be used without permission.<\/p>\n<p>All brands and trademarks mentioned within the Internet offer and possibly protected by third parties are subject without restriction to the provisions of the applicable trademark law and the ownership rights of the respective registered owners.\u00a0The mere mention of a trademark does not imply that it is not protected by the rights of third parties!<\/p>\n<h5>COPYRIGHT AND TRADEMARK LAW<\/h5>\n<p>The author endeavors to observe the copyrights of the graphics, sound documents, video sequences and texts used in all publications, to use graphics, sound documents, video sequences and texts created by himself or to use license-free graphics, sound documents, video sequences and texts.<\/p>\n<p>The images used are from the following sources: Toastmasters International.<\/p>\n<p>The copyright for any material created by the author is reserved.\u00a0Any duplication or use of objects such as diagrams, sounds or texts in other electronic or printed publications is not permitted without the author&#8217;s agreement.<\/p>\n<h5>CONTENT OF THE ONLINE OFFER<\/h5>\n<p>The author assumes no liability for the topicality, correctness, completeness or quality of the information provided. Liability claims against the author, which refer to material or immaterial nature caused by use or disuse of the information or the use of incorrect and incomplete information are excluded, unless the author is not intentional or grossly negligent fault. All offers are subject to change and non-binding. The author expressly reserves the right to change, supplement or delete parts of the pages or the entire offer without prior notice or to discontinue the publication temporarily or permanently.<\/p>\n<h5>REFERENCES AND LINKS<\/h5>\n<p>In the case of direct or indirect references to third-party websites (\u201chyperlinks\u201d) that are outside the author&#8217;s area of \u200b\u200bresponsibility, liability would only come into effect if the author was aware of the content and if it were technically possible and reasonable for him to prevent use in the event of illegal content.<br \/>\nThe author hereby expressly declares that at the time the link was set, no illegal content was recognizable on the linked pages.\u00a0The author has no influence on the current and future design, content or authorship of the linked pages.\u00a0Therefore, he hereby expressly distances himself from all contents of all linked \/ connected pages that were changed after the link was set.\u00a0This statement applies to all links and references set within the author&#8217;s own website as well as to external entries in guest books, discussion forums and mailing lists set up by the author.\u00a0The provider of the site is solely liable for illegal, incorrect or incomplete content and in particular for damage resulting from the use or non-use of information presented in this way.<\/p>\n","protected":false},"excerpt":{"rendered":"<p>RESPONSIBLE FOR THE CONTENT (VISDP) Ruth Heume L\u00fcbecker Stra\u00dfe 55 21337 L\u00fcneburg Email: info@speaking-and-leading.org COPYRIGHT-HINWEIS Toastmasters International, Toastmasters, and the Toastmasters emblem are registered trademarks in the United States and other countries. They may not be used without permission. All brands and trademarks mentioned within the Internet offer and possibly protected by third parties are [&hellip;]<\/p>\n","protected":false},"author":4,"featured_media":0,"parent":423,"menu_order":10,"comment_status":"closed","ping_status":"closed","template":"","meta":{"footnotes":""},"class_list":["post-404","page","type-page","status-publish","hentry"],"blocksy_meta":[],"yoast_head":"<!-- This site is optimized with the Yoast SEO plugin v27.6 - https:\/\/yoast.com\/product\/yoast-seo-wordpress\/ -->\n<title>Impress - SALT L\u00dcNEBURG<\/title>\n<meta name=\"robots\" content=\"index, follow, max-snippet:-1, max-image-preview:large, max-video-preview:-1\" \/>\n<link rel=\"canonical\" href=\"https:\/\/www.salt-lg.de\/en\/privacy-center\/impress\/\" \/>\n<meta property=\"og:locale\" content=\"en_US\" \/>\n<meta property=\"og:type\" content=\"article\" \/>\n<meta property=\"og:title\" content=\"Impress - SALT L\u00dcNEBURG\" \/>\n<meta property=\"og:description\" content=\"RESPONSIBLE FOR THE CONTENT (VISDP) Ruth Heume L\u00fcbecker Stra\u00dfe 55 21337 L\u00fcneburg Email: info@speaking-and-leading.org COPYRIGHT-HINWEIS Toastmasters International, Toastmasters, and the Toastmasters emblem are registered trademarks in the United States and other countries. They may not be used without permission. All brands and trademarks mentioned within the Internet offer and possibly protected by third parties are [&hellip;]\" \/>\n<meta property=\"og:url\" content=\"https:\/\/www.salt-lg.de\/en\/privacy-center\/impress\/\" \/>\n<meta property=\"og:site_name\" content=\"SALT L\u00dcNEBURG\" \/>\n<meta property=\"article:publisher\" content=\"https:\/\/www.facebook.com\/pages\/First-Hanseatic-Toastmasters\/111561948917396\" \/>\n<meta property=\"article:modified_time\" content=\"2023-10-27T00:08:46+00:00\" \/>\n<meta name=\"twitter:card\" content=\"summary_large_image\" \/>\n<meta name=\"twitter:label1\" content=\"Est. reading time\" \/>\n\t<meta name=\"twitter:data1\" content=\"3 minutes\" \/>\n<script type=\"application\/ld+json\" class=\"yoast-schema-graph\">{\"@context\":\"https:\\\/\\\/schema.org\",\"@graph\":[{\"@type\":\"WebPage\",\"@id\":\"https:\\\/\\\/www.salt-lg.de\\\/privacy-center\\\/impress\\\/\",\"url\":\"https:\\\/\\\/www.salt-lg.de\\\/privacy-center\\\/impress\\\/\",\"name\":\"Impress - SALT L\u00dcNEBURG\",\"isPartOf\":{\"@id\":\"https:\\\/\\\/www.salt-lg.de\\\/de\\\/#website\"},\"datePublished\":\"2018-05-18T09:34:26+00:00\",\"dateModified\":\"2023-10-27T00:08:46+00:00\",\"breadcrumb\":{\"@id\":\"https:\\\/\\\/www.salt-lg.de\\\/privacy-center\\\/impress\\\/#breadcrumb\"},\"inLanguage\":\"en-US\",\"potentialAction\":[{\"@type\":\"ReadAction\",\"target\":[\"https:\\\/\\\/www.salt-lg.de\\\/privacy-center\\\/impress\\\/\"]}]},{\"@type\":\"BreadcrumbList\",\"@id\":\"https:\\\/\\\/www.salt-lg.de\\\/privacy-center\\\/impress\\\/#breadcrumb\",\"itemListElement\":[{\"@type\":\"ListItem\",\"position\":1,\"name\":\"Home\",\"item\":\"https:\\\/\\\/www.salt-lg.de\\\/\"},{\"@type\":\"ListItem\",\"position\":2,\"name\":\"Privacy Center\",\"item\":\"https:\\\/\\\/www.salt-lg.de\\\/de\\\/privacy-center\\\/\"},{\"@type\":\"ListItem\",\"position\":3,\"name\":\"Impress\"}]},{\"@type\":\"WebSite\",\"@id\":\"https:\\\/\\\/www.salt-lg.de\\\/de\\\/#website\",\"url\":\"https:\\\/\\\/www.salt-lg.de\\\/de\\\/\",\"name\":\"SALT L\u00dcNEBURG\",\"description\":\"Speaking And Leading Toastmasters\",\"publisher\":{\"@id\":\"https:\\\/\\\/www.salt-lg.de\\\/de\\\/#organization\"},\"potentialAction\":[{\"@type\":\"SearchAction\",\"target\":{\"@type\":\"EntryPoint\",\"urlTemplate\":\"https:\\\/\\\/www.salt-lg.de\\\/de\\\/?s={search_term_string}\"},\"query-input\":{\"@type\":\"PropertyValueSpecification\",\"valueRequired\":true,\"valueName\":\"search_term_string\"}}],\"inLanguage\":\"en-US\"},{\"@type\":\"Organization\",\"@id\":\"https:\\\/\\\/www.salt-lg.de\\\/de\\\/#organization\",\"name\":\"First Hanseatic Toastmasters\",\"url\":\"https:\\\/\\\/www.salt-lg.de\\\/de\\\/\",\"logo\":{\"@type\":\"ImageObject\",\"inLanguage\":\"en-US\",\"@id\":\"https:\\\/\\\/www.salt-lg.de\\\/de\\\/#\\\/schema\\\/logo\\\/image\\\/\",\"url\":\"\",\"contentUrl\":\"\",\"caption\":\"First Hanseatic Toastmasters\"},\"image\":{\"@id\":\"https:\\\/\\\/www.salt-lg.de\\\/de\\\/#\\\/schema\\\/logo\\\/image\\\/\"},\"sameAs\":[\"https:\\\/\\\/www.facebook.com\\\/pages\\\/First-Hanseatic-Toastmasters\\\/111561948917396\"]}]}<\/script>\n<!-- \/ Yoast SEO plugin. -->","yoast_head_json":{"title":"Impress - SALT L\u00dcNEBURG","robots":{"index":"index","follow":"follow","max-snippet":"max-snippet:-1","max-image-preview":"max-image-preview:large","max-video-preview":"max-video-preview:-1"},"canonical":"https:\/\/www.salt-lg.de\/en\/privacy-center\/impress\/","og_locale":"en_US","og_type":"article","og_title":"Impress - SALT L\u00dcNEBURG","og_description":"RESPONSIBLE FOR THE CONTENT (VISDP) Ruth Heume L\u00fcbecker Stra\u00dfe 55 21337 L\u00fcneburg Email: info@speaking-and-leading.org COPYRIGHT-HINWEIS Toastmasters International, Toastmasters, and the Toastmasters emblem are registered trademarks in the United States and other countries. They may not be used without permission. All brands and trademarks mentioned within the Internet offer and possibly protected by third parties are [&hellip;]","og_url":"https:\/\/www.salt-lg.de\/en\/privacy-center\/impress\/","og_site_name":"SALT L\u00dcNEBURG","article_publisher":"https:\/\/www.facebook.com\/pages\/First-Hanseatic-Toastmasters\/111561948917396","article_modified_time":"2023-10-27T00:08:46+00:00","twitter_card":"summary_large_image","twitter_misc":{"Est. reading time":"3 minutes"},"schema":{"@context":"https:\/\/schema.org","@graph":[{"@type":"WebPage","@id":"https:\/\/www.salt-lg.de\/privacy-center\/impress\/","url":"https:\/\/www.salt-lg.de\/privacy-center\/impress\/","name":"Impress - SALT L\u00dcNEBURG","isPartOf":{"@id":"https:\/\/www.salt-lg.de\/de\/#website"},"datePublished":"2018-05-18T09:34:26+00:00","dateModified":"2023-10-27T00:08:46+00:00","breadcrumb":{"@id":"https:\/\/www.salt-lg.de\/privacy-center\/impress\/#breadcrumb"},"inLanguage":"en-US","potentialAction":[{"@type":"ReadAction","target":["https:\/\/www.salt-lg.de\/privacy-center\/impress\/"]}]},{"@type":"BreadcrumbList","@id":"https:\/\/www.salt-lg.de\/privacy-center\/impress\/#breadcrumb","itemListElement":[{"@type":"ListItem","position":1,"name":"Home","item":"https:\/\/www.salt-lg.de\/"},{"@type":"ListItem","position":2,"name":"Privacy Center","item":"https:\/\/www.salt-lg.de\/de\/privacy-center\/"},{"@type":"ListItem","position":3,"name":"Impress"}]},{"@type":"WebSite","@id":"https:\/\/www.salt-lg.de\/de\/#website","url":"https:\/\/www.salt-lg.de\/de\/","name":"SALT L\u00dcNEBURG","description":"Speaking And Leading Toastmasters","publisher":{"@id":"https:\/\/www.salt-lg.de\/de\/#organization"},"potentialAction":[{"@type":"SearchAction","target":{"@type":"EntryPoint","urlTemplate":"https:\/\/www.salt-lg.de\/de\/?s={search_term_string}"},"query-input":{"@type":"PropertyValueSpecification","valueRequired":true,"valueName":"search_term_string"}}],"inLanguage":"en-US"},{"@type":"Organization","@id":"https:\/\/www.salt-lg.de\/de\/#organization","name":"First Hanseatic Toastmasters","url":"https:\/\/www.salt-lg.de\/de\/","logo":{"@type":"ImageObject","inLanguage":"en-US","@id":"https:\/\/www.salt-lg.de\/de\/#\/schema\/logo\/image\/","url":"","contentUrl":"","caption":"First Hanseatic Toastmasters"},"image":{"@id":"https:\/\/www.salt-lg.de\/de\/#\/schema\/logo\/image\/"},"sameAs":["https:\/\/www.facebook.com\/pages\/First-Hanseatic-Toastmasters\/111561948917396"]}]}},"_links":{"self":[{"href":"https:\/\/www.salt-lg.de\/en\/wp-json\/wp\/v2\/pages\/404","targetHints":{"allow":["GET"]}}],"collection":[{"href":"https:\/\/www.salt-lg.de\/en\/wp-json\/wp\/v2\/pages"}],"about":[{"href":"https:\/\/www.salt-lg.de\/en\/wp-json\/wp\/v2\/types\/page"}],"author":[{"embeddable":true,"href":"https:\/\/www.salt-lg.de\/en\/wp-json\/wp\/v2\/users\/4"}],"replies":[{"embeddable":true,"href":"https:\/\/www.salt-lg.de\/en\/wp-json\/wp\/v2\/comments?post=404"}],"version-history":[{"count":17,"href":"https:\/\/www.salt-lg.de\/en\/wp-json\/wp\/v2\/pages\/404\/revisions"}],"predecessor-version":[{"id":1488,"href":"https:\/\/www.salt-lg.de\/en\/wp-json\/wp\/v2\/pages\/404\/revisions\/1488"}],"up":[{"embeddable":true,"href":"https:\/\/www.salt-lg.de\/en\/wp-json\/wp\/v2\/pages\/423"}],"wp:attachment":[{"href":"https:\/\/www.salt-lg.de\/en\/wp-json\/wp\/v2\/media?parent=404"}],"curies":[{"name":"wp","href":"https:\/\/api.w.org\/{rel}","templated":true}]}}