{"id":404,"date":"2018-05-18T09:34:26","date_gmt":"2018-05-18T09:34:26","guid":{"rendered":"https:\/\/speaking-and-leading.org\/?page_id=404"},"modified":"2023-10-27T00:08:46","modified_gmt":"2023-10-27T00:08:46","slug":"impress","status":"publish","type":"page","link":"https:\/\/www.salt-lg.de\/de\/privacy-center\/impress\/","title":{"rendered":"Impressum"},"content":{"rendered":"<h5>VERANTWORTLICH F\u00dcR DEN INHALT (VISDP)<\/h5>\n<p>Ruth Heume<\/p>\n<p>L\u00fcbecker Stra\u00dfe 55<br \/>\n21337 L\u00fcneburg<\/p>\n<p>Email: info@speaking-and-leading.org<\/p>\n<h5>COPYRIGHT-HINWEIS<\/h5>\n<p>Toastmasters International, Toastmasters und das Toastmasters-Emblem sind eingetragene Marken in den Vereinigten Staaten und anderen L\u00e4ndern. Sie d\u00fcrfen nicht ohne Genehmigung verwendet werden.<\/p>\n<p>Alle innerhalb des Internetangebotes genannten und ggf. durch Dritte gesch\u00fctzten Marken- und Warenzeichen unterliegen uneingeschr\u00e4nkt den Bestimmungen des jeweils g\u00fcltigen Kennzeichenrechts und den Besitzrechten der jeweiligen eingetragenen Eigent\u00fcmer. Allein aufgrund der blo\u00dfen Nennung eines Warenzeichens ist nicht der Schluss zu ziehen, dass dieses nicht durch Rechte Dritter gesch\u00fctzt ist!<\/p>\n<h5>URHEBERRECHT UND MARKENRECHT<\/h5>\n<p>Der Autor ist bestrebt, in allen Publikationen die Urheberrechte der verwendeten Grafiken, Tondokumente, Videosequenzen und Texte zu beachten, von ihm selbst erstellte Grafiken, Tondokumente, Videosequenzen und Texte zu nutzen oder auf lizenzfreie Grafiken, Tondokumente zur\u00fcckzugreifen,<\/p>\n<p>Die verwendeten Bilder stammen aus den folgenden Quellen: Toastmasters International.<\/p>\n<p>Das Copyright f\u00fcr ver\u00f6ffentlichte, vom Autor selbst erstellte Objekte bleibt allein beim Autor der Seiten. Eine Vervielf\u00e4ltigung oder Verwendung solcher Grafiken, Sounds oder Texte in anderen elektronischen oder gedruckten Publikationen ist ohne ausdr\u00fcckliche Zustimmung des Autors nicht gestattet.<\/p>\n<h5>INHALT DES ONLINEANGEBOTES<\/h5>\n<p>Der Autor \u00fcbernimmt keinerlei Gew\u00e4hr f\u00fcr die Aktualit\u00e4t, Korrektheit, Vollst\u00e4ndigkeit oder Qualit\u00e4t der bereitgestellten Informationen. Haftungsanspr\u00fcche gegen den Autor, welche sich auf Sch\u00e4den materieller oder ideeller Art beziehen, die durch die Nutzung oder Nichtnutzung der dargebotenen Informationen bzw. durch die Nutzung fehlerhafter und unvollst\u00e4ndiger Informationen verursacht wurden, sind grunds\u00e4tzlich ausgeschlossen, sofern seitens des Autors kein vors\u00e4tzliches oder grob fahrl\u00e4ssiges Verschulden vorliegt. Alle Angebote sind freibleibend und unverbindlich. Der Autor beh\u00e4lt es sich ausdr\u00fccklich vor, Teile der Seiten oder das gesamte Angebot ohne gesonderte Ank\u00fcndigung zu ver\u00e4ndern, zu erg\u00e4nzen, zu l\u00f6schen oder die Ver\u00f6ffentlichung zeitweise oder endg\u00fcltig einzustellen.<\/p>\n<h5>REFERENZEN UND LINKS<\/h5>\n<p>In the case of direct or indirect references to third-party websites (\u201chyperlinks\u201d) that are outside the author&#8217;s area of \u200b\u200bresponsibility, liability would only come into effect if the author was aware of the content and if it were technically possible and reasonable for him to prevent use in the event of illegal content.<br \/>\nThe author hereby expressly declares that at the time the link was set, no illegal content was recognizable on the linked pages.\u00a0The author has no influence on the current and future design, content or authorship of the linked pages.\u00a0Therefore, he hereby expressly distances himself from all contents of all linked \/ connected pages that were changed after the link was set.\u00a0This statement applies to all links and references set within the author&#8217;s own website as well as to external entries in guest books, discussion forums and mailing lists set up by the author.\u00a0The provider of the site is solely liable for illegal, incorrect or incomplete content and in particular for damage resulting from the use or non-use of information presented in this way.<\/p>","protected":false},"excerpt":{"rendered":"<p>RESPONSIBLE FOR THE CONTENT (VISDP) Ruth Heume L\u00fcbecker Stra\u00dfe 55 21337 L\u00fcneburg Email: info@speaking-and-leading.org COPYRIGHT-HINWEIS Toastmasters International, Toastmasters, and the Toastmasters emblem are registered trademarks in the United States and other countries. They may not be used without permission. All brands and trademarks mentioned within the Internet offer and possibly protected by third parties are [&hellip;]<\/p>\n","protected":false},"author":4,"featured_media":0,"parent":423,"menu_order":10,"comment_status":"closed","ping_status":"closed","template":"","meta":{"footnotes":""},"class_list":["post-404","page","type-page","status-publish","hentry"],"blocksy_meta":[],"yoast_head":"<!-- This site is optimized with the Yoast SEO plugin v27.6 - https:\/\/yoast.com\/product\/yoast-seo-wordpress\/ -->\n<title>Impress - SALT L\u00dcNEBURG<\/title>\n<meta name=\"robots\" content=\"index, follow, max-snippet:-1, max-image-preview:large, max-video-preview:-1\" \/>\n<link rel=\"canonical\" href=\"https:\/\/www.salt-lg.de\/de\/privacy-center\/impress\/\" \/>\n<meta property=\"og:locale\" content=\"de_DE\" \/>\n<meta property=\"og:type\" content=\"article\" \/>\n<meta property=\"og:title\" content=\"Impress - SALT L\u00dcNEBURG\" \/>\n<meta property=\"og:description\" content=\"RESPONSIBLE FOR THE CONTENT (VISDP) Ruth Heume L\u00fcbecker Stra\u00dfe 55 21337 L\u00fcneburg Email: info@speaking-and-leading.org COPYRIGHT-HINWEIS Toastmasters International, Toastmasters, and the Toastmasters emblem are registered trademarks in the United States and other countries. They may not be used without permission. All brands and trademarks mentioned within the Internet offer and possibly protected by third parties are [&hellip;]\" \/>\n<meta property=\"og:url\" content=\"https:\/\/www.salt-lg.de\/de\/privacy-center\/impress\/\" \/>\n<meta property=\"og:site_name\" content=\"SALT L\u00dcNEBURG\" \/>\n<meta property=\"article:publisher\" content=\"https:\/\/www.facebook.com\/pages\/First-Hanseatic-Toastmasters\/111561948917396\" \/>\n<meta property=\"article:modified_time\" content=\"2023-10-27T00:08:46+00:00\" \/>\n<meta name=\"twitter:card\" content=\"summary_large_image\" \/>\n<meta name=\"twitter:label1\" content=\"Gesch\u00e4tzte Lesezeit\" \/>\n\t<meta name=\"twitter:data1\" content=\"3\u00a0Minuten\" \/>\n<script type=\"application\/ld+json\" class=\"yoast-schema-graph\">{\"@context\":\"https:\\\/\\\/schema.org\",\"@graph\":[{\"@type\":\"WebPage\",\"@id\":\"https:\\\/\\\/www.salt-lg.de\\\/privacy-center\\\/impress\\\/\",\"url\":\"https:\\\/\\\/www.salt-lg.de\\\/privacy-center\\\/impress\\\/\",\"name\":\"Impress - SALT L\u00dcNEBURG\",\"isPartOf\":{\"@id\":\"https:\\\/\\\/www.salt-lg.de\\\/de\\\/#website\"},\"datePublished\":\"2018-05-18T09:34:26+00:00\",\"dateModified\":\"2023-10-27T00:08:46+00:00\",\"breadcrumb\":{\"@id\":\"https:\\\/\\\/www.salt-lg.de\\\/privacy-center\\\/impress\\\/#breadcrumb\"},\"inLanguage\":\"de\",\"potentialAction\":[{\"@type\":\"ReadAction\",\"target\":[\"https:\\\/\\\/www.salt-lg.de\\\/privacy-center\\\/impress\\\/\"]}]},{\"@type\":\"BreadcrumbList\",\"@id\":\"https:\\\/\\\/www.salt-lg.de\\\/privacy-center\\\/impress\\\/#breadcrumb\",\"itemListElement\":[{\"@type\":\"ListItem\",\"position\":1,\"name\":\"Home\",\"item\":\"https:\\\/\\\/www.salt-lg.de\\\/\"},{\"@type\":\"ListItem\",\"position\":2,\"name\":\"Privacy Center\",\"item\":\"https:\\\/\\\/www.salt-lg.de\\\/de\\\/privacy-center\\\/\"},{\"@type\":\"ListItem\",\"position\":3,\"name\":\"Impress\"}]},{\"@type\":\"WebSite\",\"@id\":\"https:\\\/\\\/www.salt-lg.de\\\/de\\\/#website\",\"url\":\"https:\\\/\\\/www.salt-lg.de\\\/de\\\/\",\"name\":\"SALT L\u00dcNEBURG\",\"description\":\"Speaking And Leading Toastmasters\",\"publisher\":{\"@id\":\"https:\\\/\\\/www.salt-lg.de\\\/de\\\/#organization\"},\"potentialAction\":[{\"@type\":\"SearchAction\",\"target\":{\"@type\":\"EntryPoint\",\"urlTemplate\":\"https:\\\/\\\/www.salt-lg.de\\\/de\\\/?s={search_term_string}\"},\"query-input\":{\"@type\":\"PropertyValueSpecification\",\"valueRequired\":true,\"valueName\":\"search_term_string\"}}],\"inLanguage\":\"de\"},{\"@type\":\"Organization\",\"@id\":\"https:\\\/\\\/www.salt-lg.de\\\/de\\\/#organization\",\"name\":\"First Hanseatic Toastmasters\",\"url\":\"https:\\\/\\\/www.salt-lg.de\\\/de\\\/\",\"logo\":{\"@type\":\"ImageObject\",\"inLanguage\":\"de\",\"@id\":\"https:\\\/\\\/www.salt-lg.de\\\/de\\\/#\\\/schema\\\/logo\\\/image\\\/\",\"url\":\"\",\"contentUrl\":\"\",\"caption\":\"First Hanseatic Toastmasters\"},\"image\":{\"@id\":\"https:\\\/\\\/www.salt-lg.de\\\/de\\\/#\\\/schema\\\/logo\\\/image\\\/\"},\"sameAs\":[\"https:\\\/\\\/www.facebook.com\\\/pages\\\/First-Hanseatic-Toastmasters\\\/111561948917396\"]}]}<\/script>\n<!-- \/ Yoast SEO plugin. -->","yoast_head_json":{"title":"Impress - SALT L\u00dcNEBURG","robots":{"index":"index","follow":"follow","max-snippet":"max-snippet:-1","max-image-preview":"max-image-preview:large","max-video-preview":"max-video-preview:-1"},"canonical":"https:\/\/www.salt-lg.de\/de\/privacy-center\/impress\/","og_locale":"de_DE","og_type":"article","og_title":"Impress - SALT L\u00dcNEBURG","og_description":"RESPONSIBLE FOR THE CONTENT (VISDP) Ruth Heume L\u00fcbecker Stra\u00dfe 55 21337 L\u00fcneburg Email: info@speaking-and-leading.org COPYRIGHT-HINWEIS Toastmasters International, Toastmasters, and the Toastmasters emblem are registered trademarks in the United States and other countries. They may not be used without permission. All brands and trademarks mentioned within the Internet offer and possibly protected by third parties are [&hellip;]","og_url":"https:\/\/www.salt-lg.de\/de\/privacy-center\/impress\/","og_site_name":"SALT L\u00dcNEBURG","article_publisher":"https:\/\/www.facebook.com\/pages\/First-Hanseatic-Toastmasters\/111561948917396","article_modified_time":"2023-10-27T00:08:46+00:00","twitter_card":"summary_large_image","twitter_misc":{"Gesch\u00e4tzte Lesezeit":"3\u00a0Minuten"},"schema":{"@context":"https:\/\/schema.org","@graph":[{"@type":"WebPage","@id":"https:\/\/www.salt-lg.de\/privacy-center\/impress\/","url":"https:\/\/www.salt-lg.de\/privacy-center\/impress\/","name":"Impress - SALT L\u00dcNEBURG","isPartOf":{"@id":"https:\/\/www.salt-lg.de\/de\/#website"},"datePublished":"2018-05-18T09:34:26+00:00","dateModified":"2023-10-27T00:08:46+00:00","breadcrumb":{"@id":"https:\/\/www.salt-lg.de\/privacy-center\/impress\/#breadcrumb"},"inLanguage":"de","potentialAction":[{"@type":"ReadAction","target":["https:\/\/www.salt-lg.de\/privacy-center\/impress\/"]}]},{"@type":"BreadcrumbList","@id":"https:\/\/www.salt-lg.de\/privacy-center\/impress\/#breadcrumb","itemListElement":[{"@type":"ListItem","position":1,"name":"Home","item":"https:\/\/www.salt-lg.de\/"},{"@type":"ListItem","position":2,"name":"Privacy Center","item":"https:\/\/www.salt-lg.de\/de\/privacy-center\/"},{"@type":"ListItem","position":3,"name":"Impress"}]},{"@type":"WebSite","@id":"https:\/\/www.salt-lg.de\/de\/#website","url":"https:\/\/www.salt-lg.de\/de\/","name":"SALZ L\u00dcNEBURG","description":"Speaking And Leading Toastmasters","publisher":{"@id":"https:\/\/www.salt-lg.de\/de\/#organization"},"potentialAction":[{"@type":"SearchAction","target":{"@type":"EntryPoint","urlTemplate":"https:\/\/www.salt-lg.de\/de\/?s={search_term_string}"},"query-input":{"@type":"PropertyValueSpecification","valueRequired":true,"valueName":"search_term_string"}}],"inLanguage":"de"},{"@type":"Organization","@id":"https:\/\/www.salt-lg.de\/de\/#organization","name":"First Hanseatic Toastmasters","url":"https:\/\/www.salt-lg.de\/de\/","logo":{"@type":"ImageObject","inLanguage":"de","@id":"https:\/\/www.salt-lg.de\/de\/#\/schema\/logo\/image\/","url":"","contentUrl":"","caption":"First Hanseatic Toastmasters"},"image":{"@id":"https:\/\/www.salt-lg.de\/de\/#\/schema\/logo\/image\/"},"sameAs":["https:\/\/www.facebook.com\/pages\/First-Hanseatic-Toastmasters\/111561948917396"]}]}},"_links":{"self":[{"href":"https:\/\/www.salt-lg.de\/de\/wp-json\/wp\/v2\/pages\/404","targetHints":{"allow":["GET"]}}],"collection":[{"href":"https:\/\/www.salt-lg.de\/de\/wp-json\/wp\/v2\/pages"}],"about":[{"href":"https:\/\/www.salt-lg.de\/de\/wp-json\/wp\/v2\/types\/page"}],"author":[{"embeddable":true,"href":"https:\/\/www.salt-lg.de\/de\/wp-json\/wp\/v2\/users\/4"}],"replies":[{"embeddable":true,"href":"https:\/\/www.salt-lg.de\/de\/wp-json\/wp\/v2\/comments?post=404"}],"version-history":[{"count":17,"href":"https:\/\/www.salt-lg.de\/de\/wp-json\/wp\/v2\/pages\/404\/revisions"}],"predecessor-version":[{"id":1488,"href":"https:\/\/www.salt-lg.de\/de\/wp-json\/wp\/v2\/pages\/404\/revisions\/1488"}],"up":[{"embeddable":true,"href":"https:\/\/www.salt-lg.de\/de\/wp-json\/wp\/v2\/pages\/423"}],"wp:attachment":[{"href":"https:\/\/www.salt-lg.de\/de\/wp-json\/wp\/v2\/media?parent=404"}],"curies":[{"name":"wp","href":"https:\/\/api.w.org\/{rel}","templated":true}]}}